{"id":1370,"date":"2023-01-20T13:40:43","date_gmt":"2023-01-20T12:40:43","guid":{"rendered":"https:\/\/www.hydroproduct.cz\/products\/machines-and-equipment\/"},"modified":"2023-01-23T10:38:39","modified_gmt":"2023-01-23T09:38:39","slug":"machines-and-equipment","status":"publish","type":"page","link":"https:\/\/www.hydroproduct.cz\/en\/products\/machines-and-equipment\/","title":{"rendered":"Machines and equipment"},"content":{"rendered":"<div class=\"fusion-fullwidth fullwidth-box fusion-builder-row-1 fusion-flex-container nonhundred-percent-fullwidth non-hundred-percent-height-scrolling\" style=\"background-color: rgba(255,255,255,0);background-position: center center;background-repeat: no-repeat;border-width: 0px 0px 0px 0px;border-color:var(--awb-color3);border-style:solid;\" ><div class=\"fusion-builder-row fusion-row fusion-flex-align-items-flex-start\" style=\"max-width:1331.2px;margin-left: calc(-4% \/ 2 );margin-right: calc(-4% \/ 2 );\"><div class=\"fusion-layout-column fusion_builder_column fusion-builder-column-0 fusion_builder_column_1_1 1_1 fusion-flex-column\"><div class=\"fusion-column-wrapper fusion-flex-justify-content-flex-start fusion-content-layout-column\" style=\"background-position:left top;background-repeat:no-repeat;-webkit-background-size:cover;-moz-background-size:cover;-o-background-size:cover;background-size:cover;padding: 0px 0px 0px 0px;\"><style type=\"text\/css\">@media only screen and (max-width:1024px) {.fusion-title.fusion-title-1{margin-top:10px!important; margin-right:0px!important;margin-bottom:15px!important;margin-left:0px!important;}}@media only screen and (max-width:640px) {.fusion-title.fusion-title-1{margin-top:10px!important; margin-right:0px!important;margin-bottom:10px!important; margin-left:0px!important;}}<\/style><div class=\"fusion-title title fusion-title-1 fusion-sep-none fusion-title-text fusion-title-size-div\" style=\"font-size:var(--awb-typography2-font-size);margin-top:10px;margin-right:0px;margin-bottom:15px;margin-left:0px;\"><div class=\"title-heading-left title-heading-tag fusion-responsive-typography-calculated\" style=\"font-family:&quot;Fira Sans&quot;;font-weight:500;margin:0;font-size:1em;letter-spacing:var(--awb-typography2-letter-spacing);color:var(--awb-color4);--fontSize:24;line-height:var(--awb-typography2-line-height);\">Machines and equipment<\/div><\/div><div class=\"fusion-text fusion-text-1\"><p>We have our own design department which allows us to develop machines and equipment according to customer requirements. We manufacture products to facilitate and streamline the customer&#8217;s work, single-purpose machines or complete production facilities. We supply our products to the automotive, agricultural, transport and other sectors.<\/p>\n<\/div><div ><style>.fusion-body .fusion-button.button-1{border-radius:0px 0px 0px 0px;}<\/style><a class=\"fusion-button button-flat fusion-button-default-size button-default button-1 fusion-button-default-span fusion-button-default-type\" target=\"_self\" href=\"#awb-oc__1523\" style=\"margin-bottom:40px;\"><span class=\"fusion-button-text\">Contact<\/span><\/a><\/div><style type=\"text\/css\">.fusion-gallery-1 .fusion-gallery-image {border:0px solid var(--awb-color3);}.fusion-gallery.fusion-gallery-1 .fusion-gallery-image img{aspect-ratio:4 \/ 3;}<\/style><div class=\"awb-gallery-wrapper awb-gallery-wrapper-1 button-span-no\"><div class=\"fusion-gallery fusion-gallery-container fusion-grid-3 fusion-columns-total-4 fusion-gallery-layout-grid fusion-gallery-1 has-aspect-ratio\" style=\"margin:-5px;\"><div style=\"padding:5px;\" class=\"fusion-grid-column fusion-gallery-column fusion-gallery-column-3 hover-type-zoomin\"><div class=\"fusion-gallery-image\"><a href=\"https:\/\/www.hydroproduct.cz\/wp-content\/uploads\/2022\/09\/DSC_2454_edit.jpg\" rel=\"noreferrer\" data-rel=\"iLightbox[gallery_image_1]\" class=\"fusion-lightbox\" target=\"_self\"><img decoding=\"async\" src=\"https:\/\/www.hydroproduct.cz\/wp-content\/uploads\/2022\/09\/DSC_2454_edit-460x295.jpg\" width=\"460\" height=\"295\" alt=\"\" title=\"DSC 2454 edit\" aria-label=\"DSC 2454 edit\" class=\"img-responsive wp-image-1016 fusion-gallery-image-size-fixed\"  \/><\/a><\/div><\/div><div style=\"padding:5px;\" class=\"fusion-grid-column fusion-gallery-column fusion-gallery-column-3 hover-type-zoomin\"><div class=\"fusion-gallery-image\"><a href=\"https:\/\/www.hydroproduct.cz\/wp-content\/uploads\/2022\/09\/002-2.jpg\" rel=\"noreferrer\" data-rel=\"iLightbox[gallery_image_1]\" class=\"fusion-lightbox\" target=\"_self\"><img decoding=\"async\" src=\"https:\/\/www.hydroproduct.cz\/wp-content\/uploads\/2022\/09\/002-2-460x295.jpg\" width=\"460\" height=\"295\" alt=\"\" title=\"002 2\" aria-label=\"002 2\" class=\"img-responsive wp-image-1017 fusion-gallery-image-size-fixed\"  \/><\/a><\/div><\/div><div style=\"padding:5px;\" class=\"fusion-grid-column fusion-gallery-column fusion-gallery-column-3 hover-type-zoomin\"><div class=\"fusion-gallery-image\"><a href=\"https:\/\/www.hydroproduct.cz\/wp-content\/uploads\/2022\/09\/003-1.jpg\" rel=\"noreferrer\" data-rel=\"iLightbox[gallery_image_1]\" class=\"fusion-lightbox\" target=\"_self\"><img decoding=\"async\" src=\"https:\/\/www.hydroproduct.cz\/wp-content\/uploads\/2022\/09\/003-1-460x295.jpg\" width=\"460\" height=\"295\" alt=\"\" title=\"003 1\" aria-label=\"003 1\" class=\"img-responsive wp-image-1018 fusion-gallery-image-size-fixed\"  \/><\/a><\/div><\/div><div class=\"clearfix\"><\/div><div style=\"padding:5px;\" class=\"fusion-grid-column fusion-gallery-column fusion-gallery-column-3 hover-type-zoomin\"><div class=\"fusion-gallery-image\"><a href=\"https:\/\/www.hydroproduct.cz\/wp-content\/uploads\/2022\/09\/DSC_2453_edit.jpg\" rel=\"noreferrer\" data-rel=\"iLightbox[gallery_image_1]\" class=\"fusion-lightbox\" target=\"_self\"><img decoding=\"async\" src=\"https:\/\/www.hydroproduct.cz\/wp-content\/uploads\/2022\/09\/DSC_2453_edit-460x295.jpg\" width=\"460\" height=\"295\" alt=\"\" title=\"DSC 2453 edit\" aria-label=\"DSC 2453 edit\" class=\"img-responsive wp-image-1019 fusion-gallery-image-size-fixed\"  \/><\/a><\/div><\/div><\/div><\/div><\/div><style type=\"text\/css\">.fusion-body .fusion-builder-column-0{width:100% !important;margin-top : 0px;margin-bottom : 20px;}.fusion-builder-column-0 > .fusion-column-wrapper {padding-top : 0px !important;padding-right : 0px !important;margin-right : 1.92%;padding-bottom : 0px !important;padding-left : 0px !important;margin-left : 1.92%;}@media only screen and (max-width:1024px) {.fusion-body .fusion-builder-column-0{width:100% !important;order : 0;}.fusion-builder-column-0 > .fusion-column-wrapper {margin-right : 1.92%;margin-left : 1.92%;}}@media only screen and (max-width:640px) {.fusion-body .fusion-builder-column-0{width:100% !important;order : 0;}.fusion-builder-column-0 > .fusion-column-wrapper {margin-right : 1.92%;margin-left : 1.92%;}}<\/style><\/div><\/div><style type=\"text\/css\">.fusion-body .fusion-flex-container.fusion-builder-row-1{ padding-top : 0px;margin-top : 0px;padding-right : 0px;padding-bottom : 0px;margin-bottom : 0px;padding-left : 0px;}<\/style><\/div>\n","protected":false},"excerpt":{"rendered":"","protected":false},"author":1,"featured_media":0,"parent":1352,"menu_order":0,"comment_status":"closed","ping_status":"closed","template":"100-width.php","meta":{"footnotes":""},"class_list":["post-1370","page","type-page","status-publish","hentry"],"yoast_head":"<!-- This site is optimized with the Yoast SEO plugin v23.1 - https:\/\/yoast.com\/wordpress\/plugins\/seo\/ -->\n<title>Machines and equipment - HYDROPRODUCT s. r. o.<\/title>\n<meta name=\"robots\" content=\"index, follow, max-snippet:-1, max-image-preview:large, max-video-preview:-1\" \/>\n<link rel=\"canonical\" href=\"https:\/\/www.hydroproduct.cz\/en\/products\/machines-and-equipment\/\" \/>\n<meta property=\"og:locale\" content=\"en_US\" \/>\n<meta property=\"og:type\" content=\"article\" \/>\n<meta property=\"og:title\" content=\"Machines and equipment - HYDROPRODUCT s. r. o.\" \/>\n<meta property=\"og:url\" content=\"https:\/\/www.hydroproduct.cz\/en\/products\/machines-and-equipment\/\" \/>\n<meta property=\"og:site_name\" content=\"HYDROPRODUCT s. r. o.\" \/>\n<meta property=\"article:modified_time\" content=\"2023-01-23T09:38:39+00:00\" \/>\n<meta property=\"og:image\" content=\"https:\/\/www.hydroproduct.cz\/wp-content\/uploads\/2022\/03\/web-2020.jpeg\" \/>\n\t<meta property=\"og:image:width\" content=\"1280\" \/>\n\t<meta property=\"og:image:height\" content=\"857\" \/>\n\t<meta property=\"og:image:type\" content=\"image\/jpeg\" \/>\n<meta name=\"twitter:card\" content=\"summary_large_image\" \/>\n<meta name=\"twitter:label1\" content=\"Est. reading time\" \/>\n\t<meta name=\"twitter:data1\" content=\"3 minutes\" \/>\n<script type=\"application\/ld+json\" class=\"yoast-schema-graph\">{\"@context\":\"https:\/\/schema.org\",\"@graph\":[{\"@type\":\"WebPage\",\"@id\":\"https:\/\/www.hydroproduct.cz\/en\/products\/machines-and-equipment\/\",\"url\":\"https:\/\/www.hydroproduct.cz\/en\/products\/machines-and-equipment\/\",\"name\":\"Machines and equipment - HYDROPRODUCT s. r. o.\",\"isPartOf\":{\"@id\":\"https:\/\/www.hydroproduct.cz\/#website\"},\"datePublished\":\"2023-01-20T12:40:43+00:00\",\"dateModified\":\"2023-01-23T09:38:39+00:00\",\"breadcrumb\":{\"@id\":\"https:\/\/www.hydroproduct.cz\/en\/products\/machines-and-equipment\/#breadcrumb\"},\"inLanguage\":\"en-US\",\"potentialAction\":[{\"@type\":\"ReadAction\",\"target\":[\"https:\/\/www.hydroproduct.cz\/en\/products\/machines-and-equipment\/\"]}]},{\"@type\":\"BreadcrumbList\",\"@id\":\"https:\/\/www.hydroproduct.cz\/en\/products\/machines-and-equipment\/#breadcrumb\",\"itemListElement\":[{\"@type\":\"ListItem\",\"position\":1,\"name\":\"Dom\u016f\",\"item\":\"https:\/\/www.hydroproduct.cz\/en\/\"},{\"@type\":\"ListItem\",\"position\":2,\"name\":\"Products\",\"item\":\"https:\/\/www.hydroproduct.cz\/en\/products\/\"},{\"@type\":\"ListItem\",\"position\":3,\"name\":\"Machines and equipment\"}]},{\"@type\":\"WebSite\",\"@id\":\"https:\/\/www.hydroproduct.cz\/#website\",\"url\":\"https:\/\/www.hydroproduct.cz\/\",\"name\":\"HYDROPRODUCT s. r. o.\",\"description\":\"V\u00e1\u0161 partner ve stroj\u00edrenstv\u00ed, hydraulick\u00fdch a klimatiza\u010dn\u00edch komponentech\",\"publisher\":{\"@id\":\"https:\/\/www.hydroproduct.cz\/#organization\"},\"potentialAction\":[{\"@type\":\"SearchAction\",\"target\":{\"@type\":\"EntryPoint\",\"urlTemplate\":\"https:\/\/www.hydroproduct.cz\/?s={search_term_string}\"},\"query-input\":\"required name=search_term_string\"}],\"inLanguage\":\"en-US\"},{\"@type\":\"Organization\",\"@id\":\"https:\/\/www.hydroproduct.cz\/#organization\",\"name\":\"HYDROPRODUCT s. r. o.\",\"url\":\"https:\/\/www.hydroproduct.cz\/\",\"logo\":{\"@type\":\"ImageObject\",\"inLanguage\":\"en-US\",\"@id\":\"https:\/\/www.hydroproduct.cz\/#\/schema\/logo\/image\/\",\"url\":\"http:\/\/svarc.posunemevasvys.cz\/wp-content\/uploads\/2022\/04\/logo-hydroproduct-2.png\",\"contentUrl\":\"http:\/\/svarc.posunemevasvys.cz\/wp-content\/uploads\/2022\/04\/logo-hydroproduct-2.png\",\"width\":2000,\"height\":189,\"caption\":\"HYDROPRODUCT s. r. o.\"},\"image\":{\"@id\":\"https:\/\/www.hydroproduct.cz\/#\/schema\/logo\/image\/\"}}]}<\/script>\n<!-- \/ Yoast SEO plugin. -->","yoast_head_json":{"title":"Machines and equipment - HYDROPRODUCT s. r. o.","robots":{"index":"index","follow":"follow","max-snippet":"max-snippet:-1","max-image-preview":"max-image-preview:large","max-video-preview":"max-video-preview:-1"},"canonical":"https:\/\/www.hydroproduct.cz\/en\/products\/machines-and-equipment\/","og_locale":"en_US","og_type":"article","og_title":"Machines and equipment - HYDROPRODUCT s. r. o.","og_url":"https:\/\/www.hydroproduct.cz\/en\/products\/machines-and-equipment\/","og_site_name":"HYDROPRODUCT s. r. o.","article_modified_time":"2023-01-23T09:38:39+00:00","og_image":[{"width":1280,"height":857,"url":"https:\/\/www.hydroproduct.cz\/wp-content\/uploads\/2022\/03\/web-2020.jpeg","type":"image\/jpeg"}],"twitter_card":"summary_large_image","twitter_misc":{"Est. reading time":"3 minutes"},"schema":{"@context":"https:\/\/schema.org","@graph":[{"@type":"WebPage","@id":"https:\/\/www.hydroproduct.cz\/en\/products\/machines-and-equipment\/","url":"https:\/\/www.hydroproduct.cz\/en\/products\/machines-and-equipment\/","name":"Machines and equipment - HYDROPRODUCT s. r. o.","isPartOf":{"@id":"https:\/\/www.hydroproduct.cz\/#website"},"datePublished":"2023-01-20T12:40:43+00:00","dateModified":"2023-01-23T09:38:39+00:00","breadcrumb":{"@id":"https:\/\/www.hydroproduct.cz\/en\/products\/machines-and-equipment\/#breadcrumb"},"inLanguage":"en-US","potentialAction":[{"@type":"ReadAction","target":["https:\/\/www.hydroproduct.cz\/en\/products\/machines-and-equipment\/"]}]},{"@type":"BreadcrumbList","@id":"https:\/\/www.hydroproduct.cz\/en\/products\/machines-and-equipment\/#breadcrumb","itemListElement":[{"@type":"ListItem","position":1,"name":"Dom\u016f","item":"https:\/\/www.hydroproduct.cz\/en\/"},{"@type":"ListItem","position":2,"name":"Products","item":"https:\/\/www.hydroproduct.cz\/en\/products\/"},{"@type":"ListItem","position":3,"name":"Machines and equipment"}]},{"@type":"WebSite","@id":"https:\/\/www.hydroproduct.cz\/#website","url":"https:\/\/www.hydroproduct.cz\/","name":"HYDROPRODUCT s. r. o.","description":"V\u00e1\u0161 partner ve stroj\u00edrenstv\u00ed, hydraulick\u00fdch a klimatiza\u010dn\u00edch komponentech","publisher":{"@id":"https:\/\/www.hydroproduct.cz\/#organization"},"potentialAction":[{"@type":"SearchAction","target":{"@type":"EntryPoint","urlTemplate":"https:\/\/www.hydroproduct.cz\/?s={search_term_string}"},"query-input":"required name=search_term_string"}],"inLanguage":"en-US"},{"@type":"Organization","@id":"https:\/\/www.hydroproduct.cz\/#organization","name":"HYDROPRODUCT s. r. o.","url":"https:\/\/www.hydroproduct.cz\/","logo":{"@type":"ImageObject","inLanguage":"en-US","@id":"https:\/\/www.hydroproduct.cz\/#\/schema\/logo\/image\/","url":"http:\/\/svarc.posunemevasvys.cz\/wp-content\/uploads\/2022\/04\/logo-hydroproduct-2.png","contentUrl":"http:\/\/svarc.posunemevasvys.cz\/wp-content\/uploads\/2022\/04\/logo-hydroproduct-2.png","width":2000,"height":189,"caption":"HYDROPRODUCT s. r. o."},"image":{"@id":"https:\/\/www.hydroproduct.cz\/#\/schema\/logo\/image\/"}}]}},"_links":{"self":[{"href":"https:\/\/www.hydroproduct.cz\/en\/wp-json\/wp\/v2\/pages\/1370","targetHints":{"allow":["GET"]}}],"collection":[{"href":"https:\/\/www.hydroproduct.cz\/en\/wp-json\/wp\/v2\/pages"}],"about":[{"href":"https:\/\/www.hydroproduct.cz\/en\/wp-json\/wp\/v2\/types\/page"}],"author":[{"embeddable":true,"href":"https:\/\/www.hydroproduct.cz\/en\/wp-json\/wp\/v2\/users\/1"}],"replies":[{"embeddable":true,"href":"https:\/\/www.hydroproduct.cz\/en\/wp-json\/wp\/v2\/comments?post=1370"}],"version-history":[{"count":3,"href":"https:\/\/www.hydroproduct.cz\/en\/wp-json\/wp\/v2\/pages\/1370\/revisions"}],"predecessor-version":[{"id":1531,"href":"https:\/\/www.hydroproduct.cz\/en\/wp-json\/wp\/v2\/pages\/1370\/revisions\/1531"}],"up":[{"embeddable":true,"href":"https:\/\/www.hydroproduct.cz\/en\/wp-json\/wp\/v2\/pages\/1352"}],"wp:attachment":[{"href":"https:\/\/www.hydroproduct.cz\/en\/wp-json\/wp\/v2\/media?parent=1370"}],"curies":[{"name":"wp","href":"https:\/\/api.w.org\/{rel}","templated":true}]}}