{"id":1394,"date":"2023-01-20T14:24:37","date_gmt":"2023-01-20T13:24:37","guid":{"rendered":"https:\/\/www.hydroproduct.cz\/services\/material-cutting\/"},"modified":"2023-03-27T08:08:59","modified_gmt":"2023-03-27T06:08:59","slug":"material-cutting","status":"publish","type":"page","link":"https:\/\/www.hydroproduct.cz\/en\/services\/material-cutting\/","title":{"rendered":"Material cutting"},"content":{"rendered":"<div class=\"fusion-fullwidth fullwidth-box fusion-builder-row-1 fusion-flex-container nonhundred-percent-fullwidth non-hundred-percent-height-scrolling\" style=\"background-color: rgba(255,255,255,0);background-position: center center;background-repeat: no-repeat;border-width: 0px 0px 0px 0px;border-color:var(--awb-color3);border-style:solid;\" ><div class=\"fusion-builder-row fusion-row fusion-flex-align-items-flex-start\" style=\"max-width:1331.2px;margin-left: calc(-4% \/ 2 );margin-right: calc(-4% \/ 2 );\"><div class=\"fusion-layout-column fusion_builder_column fusion-builder-column-0 fusion_builder_column_1_1 1_1 fusion-flex-column\"><div class=\"fusion-column-wrapper fusion-flex-justify-content-flex-start fusion-content-layout-column\" style=\"background-position:left top;background-repeat:no-repeat;-webkit-background-size:cover;-moz-background-size:cover;-o-background-size:cover;background-size:cover;padding: 0px 0px 0px 0px;\"><style type=\"text\/css\">@media only screen and (max-width:1024px) {.fusion-title.fusion-title-1{margin-top:10px!important; margin-right:0px!important;margin-bottom:15px!important;margin-left:0px!important;}}@media only screen and (max-width:640px) {.fusion-title.fusion-title-1{margin-top:10px!important; margin-right:0px!important;margin-bottom:10px!important; margin-left:0px!important;}}<\/style><div class=\"fusion-title title fusion-title-1 fusion-sep-none fusion-title-text fusion-title-size-div\" style=\"font-size:var(--awb-typography2-font-size);margin-top:10px;margin-right:0px;margin-bottom:15px;margin-left:0px;\"><div class=\"title-heading-left title-heading-tag fusion-responsive-typography-calculated\" style=\"font-family:&quot;Fira Sans&quot;;font-weight:500;margin:0;font-size:1em;letter-spacing:var(--awb-typography2-letter-spacing);color:var(--awb-color4);--fontSize:24;line-height:var(--awb-typography2-line-height);\">Material cutting<\/div><\/div><div class=\"fusion-text fusion-text-1\" style=\"text-transform:none;\"><p>We provide very high precision cutting of any material. Thanks to our machinery we are able to cut both in perpendicular cuts and at an angle. In addition to profiles, we can also cut tubes, yakles and strips. We can also post-process the cut materials on request.<\/p>\n<\/div><div ><style>.fusion-body .fusion-button.button-1{border-radius:0px 0px 0px 0px;}<\/style><a class=\"fusion-button button-flat fusion-button-default-size button-default button-1 fusion-button-default-span fusion-button-default-type\" target=\"_self\" href=\"#awb-oc__825\" style=\"margin-bottom:40px;\"><span class=\"fusion-button-text\">Contact<\/span><\/a><\/div><\/div><style type=\"text\/css\">.fusion-body .fusion-builder-column-0{width:100% !important;margin-top : 0px;margin-bottom : 20px;}.fusion-builder-column-0 > .fusion-column-wrapper {padding-top : 0px !important;padding-right : 0px !important;margin-right : 1.92%;padding-bottom : 0px !important;padding-left : 0px !important;margin-left : 1.92%;}@media only screen and (max-width:1024px) {.fusion-body .fusion-builder-column-0{width:100% !important;order : 0;}.fusion-builder-column-0 > .fusion-column-wrapper {margin-right : 1.92%;margin-left : 1.92%;}}@media only screen and (max-width:640px) {.fusion-body .fusion-builder-column-0{width:100% !important;order : 0;}.fusion-builder-column-0 > .fusion-column-wrapper {margin-right : 1.92%;margin-left : 1.92%;}}<\/style><\/div><div class=\"fusion-layout-column fusion_builder_column fusion-builder-column-1 fusion_builder_column_1_2 1_2 fusion-flex-column\"><div class=\"fusion-column-wrapper fusion-flex-justify-content-flex-start fusion-content-layout-column\" style=\"background-position:left top;background-repeat:no-repeat;-webkit-background-size:cover;-moz-background-size:cover;-o-background-size:cover;background-size:cover;padding: 0px 0px 0px 0px;\"><div class=\"fusion-text fusion-text-2\"><p><span style=\"font-size: medium;\"><b>BAND SAW \u2013 PILOUS ARG 230<\/b><\/span><\/p>\n<ul>\n<li><span style=\"font-size: medium;\">Maximum diameter: 220 mm<\/span><\/li>\n<\/ul>\n<ul>\n<li><span style=\"font-size: medium;\">Cutting speeds: <\/span>\n<ul>\n<li style=\"list-style-type: none;\">\n<ul>\n<li><span style=\"font-size: medium;\">40m\/min<\/span><\/li>\n<li><span style=\"font-size: medium;\">80m\/min<\/span><\/li>\n<\/ul>\n<\/li>\n<\/ul>\n<\/li>\n<\/ul>\n<p><span style=\"font-size: medium;\"><b>BAND SAW \u2013 PILOUS ARG 240 \u2013 AUTOMATIC<\/b><\/span><\/p>\n<ul>\n<li><span style=\"font-size: medium;\">Maximum diameter: 240 mm<\/span><\/li>\n<li><span style=\"font-size: medium;\">Cutting speeds: 15-90m\/min<\/span><\/li>\n<\/ul>\n<p><span style=\"font-size: medium;\"><b>BAND SAW FOR METAL \u2013 PPR-120A<\/b><\/span><\/p>\n<ul>\n<li><span style=\"font-size: medium;\">Maximum diameter: 120 mm<\/span><\/li>\n<li><span style=\"font-size: medium;\">Cutting speeds: <\/span>\n<ul>\n<li style=\"list-style-type: none;\">\n<ul>\n<li><span style=\"font-size: medium;\">58m\/min<\/span><\/li>\n<li><span style=\"font-size: medium;\">80m\/min<\/span><\/li>\n<\/ul>\n<\/li>\n<\/ul>\n<\/li>\n<\/ul>\n<p><span style=\"font-size: medium;\"><b>BURNING MACHINE \u2013 GCS 6000<\/b><\/span><\/p>\n<ul>\n<li><span style=\"font-size: medium;\">Plasma source: For Cut 203W \u2013 Formica<\/span><\/li>\n<li><span style=\"font-size: medium;\">Maximum sheet size: 3000&#215;1300 mm<\/span><\/li>\n<\/ul>\n<p><span style=\"font-size: medium;\"><b>WATER JET \u2013 MAXIEM 1530<\/b><\/span><\/p>\n<ul>\n<li><span style=\"font-size: medium;\">Table width: 12&#8242; 2&#8243; x 5&#8242; 8&#8243; (3,708 m x 1,727 m)<\/span><\/li>\n<\/ul>\n<\/div><\/div><style type=\"text\/css\">.fusion-body .fusion-builder-column-1{width:50% !important;margin-top : 0px;margin-bottom : 20px;}.fusion-builder-column-1 > .fusion-column-wrapper {padding-top : 0px !important;padding-right : 0px !important;margin-right : 3.84%;padding-bottom : 0px !important;padding-left : 0px !important;margin-left : 3.84%;}@media only screen and (max-width:1024px) {.fusion-body .fusion-builder-column-1{width:50% !important;order : 0;}.fusion-builder-column-1 > .fusion-column-wrapper {margin-right : 3.84%;margin-left : 3.84%;}}@media only screen and (max-width:640px) {.fusion-body .fusion-builder-column-1{width:100% !important;order : 0;}.fusion-builder-column-1 > .fusion-column-wrapper {margin-right : 1.92%;margin-left : 1.92%;}}<\/style><\/div><div class=\"fusion-layout-column fusion_builder_column fusion-builder-column-2 fusion_builder_column_1_2 1_2 fusion-flex-column\"><div class=\"fusion-column-wrapper fusion-flex-justify-content-flex-start fusion-content-layout-column\" style=\"background-position:left top;background-repeat:no-repeat;-webkit-background-size:cover;-moz-background-size:cover;-o-background-size:cover;background-size:cover;padding: 0px 0px 0px 0px;\"><style type=\"text\/css\">.fusion-gallery-1 .fusion-gallery-image {border:0px solid var(--awb-color3);}<\/style><div class=\"awb-gallery-wrapper awb-gallery-wrapper-1 button-span-no\"><div class=\"fusion-gallery fusion-gallery-container fusion-grid-2 fusion-columns-total-0 fusion-gallery-layout-grid fusion-gallery-1\" style=\"margin:-5px;\"><\/div><\/div><\/div><style type=\"text\/css\">.fusion-body .fusion-builder-column-2{width:50% !important;margin-top : 0px;margin-bottom : 20px;}.fusion-builder-column-2 > .fusion-column-wrapper {padding-top : 0px !important;padding-right : 0px !important;margin-right : 3.84%;padding-bottom : 0px !important;padding-left : 0px !important;margin-left : 3.84%;}@media only screen and (max-width:1024px) {.fusion-body .fusion-builder-column-2{width:50% !important;order : 0;}.fusion-builder-column-2 > .fusion-column-wrapper {margin-right : 3.84%;margin-left : 3.84%;}}@media only screen and (max-width:640px) {.fusion-body .fusion-builder-column-2{width:100% !important;order : 0;}.fusion-builder-column-2 > .fusion-column-wrapper {margin-right : 1.92%;margin-left : 1.92%;}}<\/style><\/div><\/div><style type=\"text\/css\">.fusion-body .fusion-flex-container.fusion-builder-row-1{ padding-top : 0px;margin-top : 100px;padding-right : 0px;padding-bottom : 0px;margin-bottom : 0px;padding-left : 0px;}<\/style><\/div>\n","protected":false},"excerpt":{"rendered":"","protected":false},"author":1,"featured_media":0,"parent":1382,"menu_order":0,"comment_status":"closed","ping_status":"closed","template":"100-width.php","meta":{"footnotes":""},"class_list":["post-1394","page","type-page","status-publish","hentry"],"yoast_head":"<!-- This site is optimized with the Yoast SEO plugin v23.1 - https:\/\/yoast.com\/wordpress\/plugins\/seo\/ -->\n<title>Material cutting - HYDROPRODUCT s. r. o.<\/title>\n<meta name=\"robots\" content=\"index, follow, max-snippet:-1, max-image-preview:large, max-video-preview:-1\" \/>\n<link rel=\"canonical\" href=\"https:\/\/www.hydroproduct.cz\/en\/services\/material-cutting\/\" \/>\n<meta property=\"og:locale\" content=\"en_US\" \/>\n<meta property=\"og:type\" content=\"article\" \/>\n<meta property=\"og:title\" content=\"Material cutting - HYDROPRODUCT s. r. o.\" \/>\n<meta property=\"og:url\" content=\"https:\/\/www.hydroproduct.cz\/en\/services\/material-cutting\/\" \/>\n<meta property=\"og:site_name\" content=\"HYDROPRODUCT s. r. o.\" \/>\n<meta property=\"article:modified_time\" content=\"2023-03-27T06:08:59+00:00\" \/>\n<meta property=\"og:image\" content=\"https:\/\/www.hydroproduct.cz\/wp-content\/uploads\/2022\/03\/web-2020.jpeg\" \/>\n\t<meta property=\"og:image:width\" content=\"1280\" \/>\n\t<meta property=\"og:image:height\" content=\"857\" \/>\n\t<meta property=\"og:image:type\" content=\"image\/jpeg\" \/>\n<meta name=\"twitter:card\" content=\"summary_large_image\" \/>\n<meta name=\"twitter:label1\" content=\"Est. reading time\" \/>\n\t<meta name=\"twitter:data1\" content=\"5 minutes\" \/>\n<script type=\"application\/ld+json\" class=\"yoast-schema-graph\">{\"@context\":\"https:\/\/schema.org\",\"@graph\":[{\"@type\":\"WebPage\",\"@id\":\"https:\/\/www.hydroproduct.cz\/en\/services\/material-cutting\/\",\"url\":\"https:\/\/www.hydroproduct.cz\/en\/services\/material-cutting\/\",\"name\":\"Material cutting - HYDROPRODUCT s. r. o.\",\"isPartOf\":{\"@id\":\"https:\/\/www.hydroproduct.cz\/#website\"},\"datePublished\":\"2023-01-20T13:24:37+00:00\",\"dateModified\":\"2023-03-27T06:08:59+00:00\",\"breadcrumb\":{\"@id\":\"https:\/\/www.hydroproduct.cz\/en\/services\/material-cutting\/#breadcrumb\"},\"inLanguage\":\"en-US\",\"potentialAction\":[{\"@type\":\"ReadAction\",\"target\":[\"https:\/\/www.hydroproduct.cz\/en\/services\/material-cutting\/\"]}]},{\"@type\":\"BreadcrumbList\",\"@id\":\"https:\/\/www.hydroproduct.cz\/en\/services\/material-cutting\/#breadcrumb\",\"itemListElement\":[{\"@type\":\"ListItem\",\"position\":1,\"name\":\"Dom\u016f\",\"item\":\"https:\/\/www.hydroproduct.cz\/en\/\"},{\"@type\":\"ListItem\",\"position\":2,\"name\":\"Services\",\"item\":\"https:\/\/www.hydroproduct.cz\/en\/services\/\"},{\"@type\":\"ListItem\",\"position\":3,\"name\":\"Material cutting\"}]},{\"@type\":\"WebSite\",\"@id\":\"https:\/\/www.hydroproduct.cz\/#website\",\"url\":\"https:\/\/www.hydroproduct.cz\/\",\"name\":\"HYDROPRODUCT s. r. o.\",\"description\":\"V\u00e1\u0161 partner ve stroj\u00edrenstv\u00ed, hydraulick\u00fdch a klimatiza\u010dn\u00edch komponentech\",\"publisher\":{\"@id\":\"https:\/\/www.hydroproduct.cz\/#organization\"},\"potentialAction\":[{\"@type\":\"SearchAction\",\"target\":{\"@type\":\"EntryPoint\",\"urlTemplate\":\"https:\/\/www.hydroproduct.cz\/?s={search_term_string}\"},\"query-input\":\"required name=search_term_string\"}],\"inLanguage\":\"en-US\"},{\"@type\":\"Organization\",\"@id\":\"https:\/\/www.hydroproduct.cz\/#organization\",\"name\":\"HYDROPRODUCT s. r. o.\",\"url\":\"https:\/\/www.hydroproduct.cz\/\",\"logo\":{\"@type\":\"ImageObject\",\"inLanguage\":\"en-US\",\"@id\":\"https:\/\/www.hydroproduct.cz\/#\/schema\/logo\/image\/\",\"url\":\"http:\/\/svarc.posunemevasvys.cz\/wp-content\/uploads\/2022\/04\/logo-hydroproduct-2.png\",\"contentUrl\":\"http:\/\/svarc.posunemevasvys.cz\/wp-content\/uploads\/2022\/04\/logo-hydroproduct-2.png\",\"width\":2000,\"height\":189,\"caption\":\"HYDROPRODUCT s. r. o.\"},\"image\":{\"@id\":\"https:\/\/www.hydroproduct.cz\/#\/schema\/logo\/image\/\"}}]}<\/script>\n<!-- \/ Yoast SEO plugin. -->","yoast_head_json":{"title":"Material cutting - HYDROPRODUCT s. r. o.","robots":{"index":"index","follow":"follow","max-snippet":"max-snippet:-1","max-image-preview":"max-image-preview:large","max-video-preview":"max-video-preview:-1"},"canonical":"https:\/\/www.hydroproduct.cz\/en\/services\/material-cutting\/","og_locale":"en_US","og_type":"article","og_title":"Material cutting - HYDROPRODUCT s. r. o.","og_url":"https:\/\/www.hydroproduct.cz\/en\/services\/material-cutting\/","og_site_name":"HYDROPRODUCT s. r. o.","article_modified_time":"2023-03-27T06:08:59+00:00","og_image":[{"width":1280,"height":857,"url":"https:\/\/www.hydroproduct.cz\/wp-content\/uploads\/2022\/03\/web-2020.jpeg","type":"image\/jpeg"}],"twitter_card":"summary_large_image","twitter_misc":{"Est. reading time":"5 minutes"},"schema":{"@context":"https:\/\/schema.org","@graph":[{"@type":"WebPage","@id":"https:\/\/www.hydroproduct.cz\/en\/services\/material-cutting\/","url":"https:\/\/www.hydroproduct.cz\/en\/services\/material-cutting\/","name":"Material cutting - HYDROPRODUCT s. r. o.","isPartOf":{"@id":"https:\/\/www.hydroproduct.cz\/#website"},"datePublished":"2023-01-20T13:24:37+00:00","dateModified":"2023-03-27T06:08:59+00:00","breadcrumb":{"@id":"https:\/\/www.hydroproduct.cz\/en\/services\/material-cutting\/#breadcrumb"},"inLanguage":"en-US","potentialAction":[{"@type":"ReadAction","target":["https:\/\/www.hydroproduct.cz\/en\/services\/material-cutting\/"]}]},{"@type":"BreadcrumbList","@id":"https:\/\/www.hydroproduct.cz\/en\/services\/material-cutting\/#breadcrumb","itemListElement":[{"@type":"ListItem","position":1,"name":"Dom\u016f","item":"https:\/\/www.hydroproduct.cz\/en\/"},{"@type":"ListItem","position":2,"name":"Services","item":"https:\/\/www.hydroproduct.cz\/en\/services\/"},{"@type":"ListItem","position":3,"name":"Material cutting"}]},{"@type":"WebSite","@id":"https:\/\/www.hydroproduct.cz\/#website","url":"https:\/\/www.hydroproduct.cz\/","name":"HYDROPRODUCT s. r. o.","description":"V\u00e1\u0161 partner ve stroj\u00edrenstv\u00ed, hydraulick\u00fdch a klimatiza\u010dn\u00edch komponentech","publisher":{"@id":"https:\/\/www.hydroproduct.cz\/#organization"},"potentialAction":[{"@type":"SearchAction","target":{"@type":"EntryPoint","urlTemplate":"https:\/\/www.hydroproduct.cz\/?s={search_term_string}"},"query-input":"required name=search_term_string"}],"inLanguage":"en-US"},{"@type":"Organization","@id":"https:\/\/www.hydroproduct.cz\/#organization","name":"HYDROPRODUCT s. r. o.","url":"https:\/\/www.hydroproduct.cz\/","logo":{"@type":"ImageObject","inLanguage":"en-US","@id":"https:\/\/www.hydroproduct.cz\/#\/schema\/logo\/image\/","url":"http:\/\/svarc.posunemevasvys.cz\/wp-content\/uploads\/2022\/04\/logo-hydroproduct-2.png","contentUrl":"http:\/\/svarc.posunemevasvys.cz\/wp-content\/uploads\/2022\/04\/logo-hydroproduct-2.png","width":2000,"height":189,"caption":"HYDROPRODUCT s. r. o."},"image":{"@id":"https:\/\/www.hydroproduct.cz\/#\/schema\/logo\/image\/"}}]}},"_links":{"self":[{"href":"https:\/\/www.hydroproduct.cz\/en\/wp-json\/wp\/v2\/pages\/1394","targetHints":{"allow":["GET"]}}],"collection":[{"href":"https:\/\/www.hydroproduct.cz\/en\/wp-json\/wp\/v2\/pages"}],"about":[{"href":"https:\/\/www.hydroproduct.cz\/en\/wp-json\/wp\/v2\/types\/page"}],"author":[{"embeddable":true,"href":"https:\/\/www.hydroproduct.cz\/en\/wp-json\/wp\/v2\/users\/1"}],"replies":[{"embeddable":true,"href":"https:\/\/www.hydroproduct.cz\/en\/wp-json\/wp\/v2\/comments?post=1394"}],"version-history":[{"count":16,"href":"https:\/\/www.hydroproduct.cz\/en\/wp-json\/wp\/v2\/pages\/1394\/revisions"}],"predecessor-version":[{"id":1618,"href":"https:\/\/www.hydroproduct.cz\/en\/wp-json\/wp\/v2\/pages\/1394\/revisions\/1618"}],"up":[{"embeddable":true,"href":"https:\/\/www.hydroproduct.cz\/en\/wp-json\/wp\/v2\/pages\/1382"}],"wp:attachment":[{"href":"https:\/\/www.hydroproduct.cz\/en\/wp-json\/wp\/v2\/media?parent=1394"}],"curies":[{"name":"wp","href":"https:\/\/api.w.org\/{rel}","templated":true}]}}